{"id":535,"date":"2019-05-28T14:12:39","date_gmt":"2019-05-28T12:12:39","guid":{"rendered":"http:\/\/educacionacuatica.edu.umh.es\/?page_id=535"},"modified":"2021-06-04T16:33:58","modified_gmt":"2021-06-04T14:33:58","slug":"contacto","status":"publish","type":"page","link":"https:\/\/convivenciaescolar.umh.es\/en\/contacto\/","title":{"rendered":"Contacto"},"content":{"rendered":"<p>[et_pb_section fb_built=&#8221;1&#8243; admin_label=&#8221;section&#8221; _builder_version=&#8221;4.2.2&#8243; background_image=&#8221;https:\/\/convivenciaescolar.umh.es\/files\/2021\/05\/presentacion-convivencia.png&#8221; background_size=&#8221;initial&#8221; hover_enabled=&#8221;0&#8243; transparent_background=&#8221;off&#8221; padding_mobile=&#8221;off&#8221; make_fullwidth=&#8221;off&#8221; use_custom_width=&#8221;off&#8221; width_unit=&#8221;on&#8221;][et_pb_row column_structure=&#8221;1_4,1_2,1_4&#8243; admin_label=&#8221;Fila&#8221; _builder_version=&#8221;3.25&#8243; background_size=&#8221;initial&#8221; background_position=&#8221;top_left&#8221; background_repeat=&#8221;repeat&#8221;][et_pb_column type=&#8221;1_4&#8243; _builder_version=&#8221;3.25&#8243; custom_padding=&#8221;|||&#8221; custom_padding__hover=&#8221;|||&#8221;][\/et_pb_column][et_pb_column type=&#8221;1_2&#8243; _builder_version=&#8221;3.25&#8243; custom_padding=&#8221;|||&#8221; custom_padding__hover=&#8221;|||&#8221;][et_pb_divider show_divider=&#8221;off&#8221; disabled_on=&#8221;on|on|off&#8221; admin_label=&#8221;Separador&#8221; _builder_version=&#8221;3.23.4&#8243; height=&#8221;10px&#8221; hide_on_mobile=&#8221;on&#8221;][\/et_pb_divider][\/et_pb_column][et_pb_column type=&#8221;1_4&#8243; _builder_version=&#8221;3.25&#8243; custom_padding=&#8221;|||&#8221; custom_padding__hover=&#8221;|||&#8221;][\/et_pb_column][\/et_pb_row][et_pb_row column_structure=&#8221;1_4,1_2,1_4&#8243; admin_label=&#8221;Fila&#8221; _builder_version=&#8221;3.25&#8243; background_size=&#8221;initial&#8221; background_position=&#8221;top_left&#8221; background_repeat=&#8221;repeat&#8221;][et_pb_column type=&#8221;1_4&#8243; _builder_version=&#8221;3.25&#8243; custom_padding=&#8221;|||&#8221; custom_padding__hover=&#8221;|||&#8221;][\/et_pb_column][et_pb_column type=&#8221;1_2&#8243; _builder_version=&#8221;3.25&#8243; custom_padding=&#8221;|||&#8221; custom_padding__hover=&#8221;|||&#8221;][et_pb_divider show_divider=&#8221;off&#8221; disabled_on=&#8221;on|on|off&#8221; admin_label=&#8221;Separador&#8221; _builder_version=&#8221;3.23.4&#8243; height=&#8221;10px&#8221; hide_on_mobile=&#8221;on&#8221;][\/et_pb_divider][\/et_pb_column][et_pb_column type=&#8221;1_4&#8243; _builder_version=&#8221;3.25&#8243; custom_padding=&#8221;|||&#8221; custom_padding__hover=&#8221;|||&#8221;][\/et_pb_column][\/et_pb_row][et_pb_row column_structure=&#8221;1_4,1_2,1_4&#8243; admin_label=&#8221;Fila&#8221; _builder_version=&#8221;3.25&#8243; background_size=&#8221;initial&#8221; background_position=&#8221;top_left&#8221; background_repeat=&#8221;repeat&#8221;][et_pb_column type=&#8221;1_4&#8243; _builder_version=&#8221;3.25&#8243; custom_padding=&#8221;|||&#8221; custom_padding__hover=&#8221;|||&#8221;][\/et_pb_column][et_pb_column type=&#8221;1_2&#8243; _builder_version=&#8221;3.25&#8243; custom_padding=&#8221;|||&#8221; custom_padding__hover=&#8221;|||&#8221;][et_pb_divider show_divider=&#8221;off&#8221; disabled_on=&#8221;on|on|off&#8221; admin_label=&#8221;Separador&#8221; _builder_version=&#8221;3.23.4&#8243; height=&#8221;10px&#8221; hide_on_mobile=&#8221;on&#8221;][\/et_pb_divider][\/et_pb_column][et_pb_column type=&#8221;1_4&#8243; _builder_version=&#8221;3.25&#8243; custom_padding=&#8221;|||&#8221; custom_padding__hover=&#8221;|||&#8221;][\/et_pb_column][\/et_pb_row][\/et_pb_section][et_pb_section fb_built=&#8221;1&#8243; custom_padding_last_edited=&#8221;on|desktop&#8221; admin_label=&#8221;section&#8221; _builder_version=&#8221;3.22&#8243; custom_padding_tablet=&#8221;50px|0|50px|0&#8243; custom_padding_phone=&#8221;|10px||10px&#8221; transparent_background=&#8221;off&#8221; padding_mobile=&#8221;off&#8221; make_fullwidth=&#8221;off&#8221; use_custom_width=&#8221;off&#8221; width_unit=&#8221;on&#8221;][et_pb_row column_structure=&#8221;2_3,1_3&#8243; admin_label=&#8221;row&#8221; _builder_version=&#8221;3.25&#8243; background_size=&#8221;initial&#8221; background_position=&#8221;top_left&#8221; background_repeat=&#8221;repeat&#8221;][et_pb_column type=&#8221;2_3&#8243; _builder_version=&#8221;3.25&#8243; custom_padding=&#8221;|||&#8221; custom_padding__hover=&#8221;|||&#8221;][et_pb_post_title meta=&#8221;off&#8221; featured_image=&#8221;off&#8221; _builder_version=&#8221;4.2.2&#8243; title_font=&#8221;|700|||||||&#8221;][\/et_pb_post_title][et_pb_text admin_label=&#8221;Texto&#8221; _builder_version=&#8221;4.2.2&#8243; background_size=&#8221;initial&#8221; background_position=&#8221;top_left&#8221; background_repeat=&#8221;repeat&#8221; use_border_color=&#8221;off&#8221; border_color=&#8221;#ffffff&#8221; border_style=&#8221;solid&#8221;]<\/p>\n<div>\u00a0<\/div>\n<div><img loading=\"lazy\" class=\"alignleft wp-image-397 size-medium\" src=\"https:\/\/convivenciaescolar.umh.es\/files\/2021\/05\/Estefania-Estevez-UMH.jpg\" alt=\"Estefania Estevez UMH\" width=\"212\" height=\"300\" \/><\/div>\n<div style=\"padding-left: 240px;\">\n<div>\u00a0<\/div>\n<div><strong>Direcci\u00f3n:<\/strong><\/div>\n<div><em><strong>Dra. Estefan\u00eda Est\u00e9vez L\u00f3pez<\/strong><\/em><\/div>\n<div>Universidad Miguel Hern\u00e1ndez de Elche<\/div>\n<div>Dpto. Psicolog\u00eda de la Salud<\/div>\n<div>\u00c1rea Psicolog\u00eda Evolutiva y de la Educaci\u00f3n<\/div>\n<div>Avda. de la Universidad, s\/n<\/div>\n<div>03203 Elche (Alicante) Espa\u00f1a<\/div>\n<div>Tel.: +34 966 658 345<\/div>\n<div>Email:\u00a0<a href=\"mailto:convivenciaescolar@umh.es\" target=\"_blank\" rel=\"noopener noreferrer\">convivenciaescolar@<span class=\"il\">umh.es<\/span><\/a><\/div>\n<div>\u00a0<\/div>\n<div>\u00a0<\/div>\n<div>\u00a0<\/div>\n<div>\u00a0<\/div>\n<div>\u00a0<\/div>\n<div>\u00a0<\/div>\n<div>\u00a0<\/div>\n<\/div>\n<p>[\/et_pb_text][\/et_pb_column][et_pb_column type=&#8221;1_3&#8243; _builder_version=&#8221;3.25&#8243; custom_padding=&#8221;|||&#8221; custom_padding__hover=&#8221;|||&#8221;][\/et_pb_column][\/et_pb_row][\/et_pb_section][et_pb_section fb_built=&#8221;1&#8243; disabled_on=&#8221;off|off|off&#8221; admin_label=&#8221;banner&#8221; module_class=&#8221;banner&#8221; _builder_version=&#8221;3.22&#8243; background_color=&#8221;#ffc72c&#8221; custom_padding=&#8221;0px||0px|&#8221; custom_padding_tablet=&#8221;0px||0px|&#8221; custom_css_main_element=&#8221;position: fixed;||left: 0;||right: 0;||bottom: 0;||z-index: 100;&#8221; transparent_background=&#8221;off&#8221; padding_mobile=&#8221;on&#8221; make_fullwidth=&#8221;off&#8221; use_custom_width=&#8221;off&#8221; width_unit=&#8221;on&#8221; global_module=&#8221;1076&#8243;][et_pb_row padding_mobile=&#8221;on&#8221; column_padding_mobile=&#8221;on&#8221; admin_label=&#8221;Fila&#8221; _builder_version=&#8221;3.25&#8243; background_size=&#8221;initial&#8221; background_position=&#8221;top_left&#8221; background_repeat=&#8221;repeat&#8221; max_width=&#8221;860px&#8221; make_fullwidth=&#8221;off&#8221; use_custom_width=&#8221;on&#8221; width_unit=&#8221;on&#8221; custom_width_px=&#8221;860px&#8221; column_structure=&#8221;1_2,1_4,1_4&#8243;][et_pb_column type=&#8221;1_2&#8243; _builder_version=&#8221;3.25&#8243; custom_padding=&#8221;|||&#8221; custom_css_main_element=&#8221;margin-bottom: 0;&#8221; custom_padding__hover=&#8221;|||&#8221;][et_pb_text admin_label=&#8221;Texto&#8221; _builder_version=&#8221;3.27.4&#8243; background_size=&#8221;initial&#8221; background_position=&#8221;top_left&#8221; background_repeat=&#8221;repeat&#8221; text_orientation=&#8221;center&#8221; module_alignment=&#8221;center&#8221; use_border_color=&#8221;off&#8221; border_color=&#8221;#ffffff&#8221; border_style=&#8221;solid&#8221;]<\/p>\n<h4>Periodo de preinscripci\u00f3n abierto<\/h4>\n<p>[\/et_pb_text][\/et_pb_column][et_pb_column type=&#8221;1_4&#8243; _builder_version=&#8221;3.25&#8243; custom_padding=&#8221;|||&#8221; custom_padding__hover=&#8221;|||&#8221;][et_pb_button button_url=&#8221;http:\/\/universite.umh.es\/fpogestion\/aspx\/Preinscripcion\/Preinscripcion.aspx&#8221; url_new_window=&#8221;on&#8221; button_text=&#8221;\u00a1Preinscr\u00edbete!&#8221; button_alignment=&#8221;center&#8221; admin_label=&#8221;Bot\u00f3n&#8221; _builder_version=&#8221;3.16&#8243; custom_button=&#8221;on&#8221; button_bg_color=&#8221;#a6192e&#8221; button_border_color=&#8221;#a6192e&#8221; background_layout=&#8221;dark&#8221; button_letter_spacing_hover=&#8221;0&#8243; button_text_size__hover_enabled=&#8221;off&#8221; button_one_text_size__hover_enabled=&#8221;off&#8221; button_two_text_size__hover_enabled=&#8221;off&#8221; button_text_color__hover_enabled=&#8221;off&#8221; button_one_text_color__hover_enabled=&#8221;off&#8221; button_two_text_color__hover_enabled=&#8221;off&#8221; button_border_width__hover_enabled=&#8221;off&#8221; button_one_border_width__hover_enabled=&#8221;off&#8221; button_two_border_width__hover_enabled=&#8221;off&#8221; button_border_color__hover_enabled=&#8221;off&#8221; button_one_border_color__hover_enabled=&#8221;off&#8221; button_two_border_color__hover_enabled=&#8221;off&#8221; button_border_radius__hover_enabled=&#8221;off&#8221; button_one_border_radius__hover_enabled=&#8221;off&#8221; button_two_border_radius__hover_enabled=&#8221;off&#8221; button_letter_spacing__hover_enabled=&#8221;on&#8221; button_letter_spacing__hover=&#8221;0&#8243; button_one_letter_spacing__hover_enabled=&#8221;off&#8221; button_two_letter_spacing__hover_enabled=&#8221;off&#8221; button_bg_color__hover_enabled=&#8221;off&#8221; button_one_bg_color__hover_enabled=&#8221;off&#8221; button_two_bg_color__hover_enabled=&#8221;off&#8221;][\/et_pb_button][\/et_pb_column][et_pb_column type=&#8221;1_4&#8243; _builder_version=&#8221;3.25&#8243; custom_padding=&#8221;|||&#8221; custom_padding__hover=&#8221;|||&#8221;][et_pb_button button_url=&#8221;https:\/\/drive.google.com\/file\/d\/1CcsZdQwUVPbdG6wE_BnDtGGnhJkp3cLS\/view&#8221; button_text=&#8221;Programa&#8221; button_alignment=&#8221;left&#8221; admin_label=&#8221;Bot\u00f3n&#8221; _builder_version=&#8221;3.16&#8243; custom_button=&#8221;on&#8221; button_text_color=&#8221;#ffffff&#8221; button_bg_color=&#8221;#81d742&#8243; button_border_color=&#8221;rgba(255,255,255,0)&#8221; button_icon=&#8221;%%232%%&#8221; background_layout=&#8221;dark&#8221; button_letter_spacing_hover=&#8221;0&#8243; button_text_size__hover_enabled=&#8221;off&#8221; button_one_text_size__hover_enabled=&#8221;off&#8221; button_two_text_size__hover_enabled=&#8221;off&#8221; button_text_color__hover_enabled=&#8221;off&#8221; button_one_text_color__hover_enabled=&#8221;off&#8221; button_two_text_color__hover_enabled=&#8221;off&#8221; button_border_width__hover_enabled=&#8221;off&#8221; button_one_border_width__hover_enabled=&#8221;off&#8221; button_two_border_width__hover_enabled=&#8221;off&#8221; button_border_color__hover_enabled=&#8221;off&#8221; button_one_border_color__hover_enabled=&#8221;off&#8221; button_two_border_color__hover_enabled=&#8221;off&#8221; button_border_radius__hover_enabled=&#8221;off&#8221; button_one_border_radius__hover_enabled=&#8221;off&#8221; button_two_border_radius__hover_enabled=&#8221;off&#8221; button_letter_spacing__hover_enabled=&#8221;on&#8221; button_letter_spacing__hover=&#8221;0&#8243; button_one_letter_spacing__hover_enabled=&#8221;off&#8221; button_two_letter_spacing__hover_enabled=&#8221;off&#8221; button_bg_color__hover_enabled=&#8221;off&#8221; button_one_bg_color__hover_enabled=&#8221;off&#8221; button_two_bg_color__hover_enabled=&#8221;off&#8221;][\/et_pb_button][\/et_pb_column][\/et_pb_row][\/et_pb_section]<\/p>\n","protected":false},"excerpt":{"rendered":"<p>\u00a0 \u00a0 Direcci\u00f3n: Dra. Estefan\u00eda Est\u00e9vez L\u00f3pez Universidad Miguel Hern\u00e1ndez de Elche Dpto. Psicolog\u00eda de la Salud \u00c1rea Psicolog\u00eda Evolutiva y de la Educaci\u00f3n Avda. de la Universidad, s\/n 03203 Elche (Alicante) Espa\u00f1a Tel.: +34 966 658 345 Email:\u00a0convivenciaescolar@umh.es \u00a0 \u00a0 \u00a0 \u00a0 \u00a0 \u00a0 \u00a0 Periodo de preinscripci\u00f3n abierto<\/p>\n","protected":false},"author":795,"featured_media":0,"parent":0,"menu_order":80,"comment_status":"closed","ping_status":"closed","template":"","meta":{"_et_pb_use_builder":"on","_et_pb_old_content":"","_et_gb_content_width":"","_links_to":"","_links_to_target":""},"_links":{"self":[{"href":"https:\/\/convivenciaescolar.umh.es\/en\/wp-json\/wp\/v2\/pages\/535"}],"collection":[{"href":"https:\/\/convivenciaescolar.umh.es\/en\/wp-json\/wp\/v2\/pages"}],"about":[{"href":"https:\/\/convivenciaescolar.umh.es\/en\/wp-json\/wp\/v2\/types\/page"}],"author":[{"embeddable":true,"href":"https:\/\/convivenciaescolar.umh.es\/en\/wp-json\/wp\/v2\/users\/795"}],"replies":[{"embeddable":true,"href":"https:\/\/convivenciaescolar.umh.es\/en\/wp-json\/wp\/v2\/comments?post=535"}],"version-history":[{"count":0,"href":"https:\/\/convivenciaescolar.umh.es\/en\/wp-json\/wp\/v2\/pages\/535\/revisions"}],"wp:attachment":[{"href":"https:\/\/convivenciaescolar.umh.es\/en\/wp-json\/wp\/v2\/media?parent=535"}],"curies":[{"name":"wp","href":"https:\/\/api.w.org\/{rel}","templated":true}]}}