{"id":294,"date":"2019-05-27T11:06:37","date_gmt":"2019-05-27T11:06:37","guid":{"rendered":"http:\/\/educacionacuatica.edu.umh.es\/?page_id=294"},"modified":"2022-02-21T09:16:45","modified_gmt":"2022-02-21T08:16:45","slug":"inicio","status":"publish","type":"page","link":"https:\/\/convivenciaescolar.umh.es\/en\/","title":{"rendered":"Presentaci\u00f3n"},"content":{"rendered":"<p>[et_pb_section fb_built=&#8221;1&#8243; fullwidth=&#8221;on&#8221; _builder_version=&#8221;4.2.2&#8243;][et_pb_fullwidth_image src=&#8221;https:\/\/convivenciaescolar.umh.es\/files\/2021\/06\/UMH-convivencia-escolar.jpg&#8221; _builder_version=&#8221;4.2.2&#8243; custom_margin=&#8221;-30px||||false|false&#8221;][\/et_pb_fullwidth_image][\/et_pb_section][et_pb_section fb_built=&#8221;1&#8243; admin_label=&#8221;section&#8221; _builder_version=&#8221;4.2.2&#8243; background_enable_image=&#8221;off&#8221; height=&#8221;444px&#8221;][et_pb_row column_structure=&#8221;3_4,1_4&#8243; _builder_version=&#8221;4.2.2&#8243;][et_pb_column type=&#8221;3_4&#8243; _builder_version=&#8221;4.2.2&#8243;][et_pb_image src=&#8221;https:\/\/convivenciaescolar.umh.es\/files\/2022\/02\/ficha-convivencia-umh.png&#8221; _builder_version=&#8221;4.2.2&#8243;][\/et_pb_image][\/et_pb_column][et_pb_column type=&#8221;1_4&#8243; _builder_version=&#8221;4.2.2&#8243;][et_pb_button button_url=&#8221;https:\/\/convivenciaescolar.umh.es\/files\/2022\/02\/Programa-Imprimible-Especialista-Convivencia-Escolar-22-23.pdf&#8221; url_new_window=&#8221;on&#8221; button_text=&#8221;Descargar Programa Imprimible&#8221; button_alignment=&#8221;center&#8221; _builder_version=&#8221;4.2.2&#8243; custom_button=&#8221;on&#8221; button_text_size=&#8221;17px&#8221; button_text_color=&#8221;#ffffff&#8221; button_bg_color=&#8221;#4db21e&#8221; button_border_width=&#8221;2px&#8221; button_border_color=&#8221;#81d742&#8243; button_icon=&#8221;%%98%%&#8221; button_icon_color=&#8221;#ffffff&#8221; button_on_hover=&#8221;off&#8221; box_shadow_style=&#8221;preset6&#8243;][\/et_pb_button][et_pb_button button_url=&#8221;https:\/\/convivenciaescolar.umh.es\/files\/2022\/02\/diptico-convivencia-escolar-umh.pdf&#8221; url_new_window=&#8221;on&#8221; button_text=&#8221;Descargar D\u00edptico Publicitario&#8221; button_alignment=&#8221;center&#8221; _builder_version=&#8221;4.2.2&#8243; custom_button=&#8221;on&#8221; button_text_size=&#8221;17px&#8221; button_text_color=&#8221;#ffffff&#8221; button_bg_color=&#8221;#7cda24&#8243; button_border_width=&#8221;2px&#8221; button_border_color=&#8221;#7cee63&#8243; button_icon=&#8221;%%98%%&#8221; button_icon_color=&#8221;#ffffff&#8221; button_on_hover=&#8221;off&#8221; box_shadow_style=&#8221;preset1&#8243;][\/et_pb_button][\/et_pb_column][\/et_pb_row][et_pb_row _builder_version=&#8221;4.2.2&#8243;][et_pb_column type=&#8221;4_4&#8243; _builder_version=&#8221;4.2.2&#8243;][et_pb_text _builder_version=&#8221;4.2.2&#8243; text_text_color=&#8221;#000000&#8243;]<\/p>\n<p style=\"text-align: justify\">Este t\u00edtulo de <strong>Especialista Universitario en Convivencia Escolar e Intervenci\u00f3n Psicoeducativa<\/strong> te proporcionar\u00e1 conocimientos te\u00f3ricos y competencias pr\u00e1cticas para tu desempe\u00f1o profesional en el \u00e1mbito de la convivencia en el contexto educativo con ni\u00f1os y adolescentes. Aprender\u00e1s con <strong>los mejores acad\u00e9micos y profesionales<\/strong>, que te ayudar\u00e1n a especializarte en aspectos concretos que te dotar\u00e1n de <strong>m\u00e1s y mejores recursos para tu trabajo<\/strong> <strong>profesional<\/strong> <strong>en este \u00e1mbito<\/strong>, en coherencia con las demandas de nuestra sociedad actual.<\/p>\n<p style=\"text-align: justify\">El curso te permitir\u00e1 <strong>ahondar en la comprensi\u00f3n de los procesos de convivencia<\/strong> y mediaci\u00f3n, acoso y ciberacoso, integraci\u00f3n de alumnado con necesidades educativas especiales, legislaci\u00f3n actual en materia de convivencia escolar, metodolog\u00edas docentes innovadoras y estrategias motivacionales en el aula, prevenci\u00f3n e intervenci\u00f3n en problemas de comportamiento, inteligencia emocional y mindfulness en la escuela, metodolog\u00edas de investigaci\u00f3n en ciencias sociales, \u00e9tica y deontolog\u00eda en educaci\u00f3n, abordaje legal y jur\u00eddico en cuestiones de convivencia, entre otros.<\/p>\n<p style=\"text-align: justify\">La especializaci\u00f3n est\u00e1 orientada preferentemente a<strong> titulados universitarios y profesionales del \u00e1mbito de la educaci\u00f3n<\/strong> que hayan cursado estudios y t\u00edtulos considerados como afines al\u00a0 t\u00edtulo propuesto, como diplomaturas, licenciaturas o grados en Ciencias Sociales y de la Educaci\u00f3n,\u00a0 Magisterio, Psicolog\u00eda, Pedagog\u00eda, Educaci\u00f3n Social y todos aquellos nuevos grados u otras titulaciones en las que se hayan cursado materias educativas.<\/p>\n<p>[\/et_pb_text][\/et_pb_column][\/et_pb_row][et_pb_row _builder_version=&#8221;4.2.2&#8243;][et_pb_column type=&#8221;4_4&#8243; _builder_version=&#8221;4.2.2&#8243;][\/et_pb_column][\/et_pb_row][\/et_pb_section][et_pb_section fb_built=&#8221;1&#8243; disabled_on=&#8221;off|off|off&#8221; admin_label=&#8221;banner&#8221; module_class=&#8221;banner&#8221; _builder_version=&#8221;4.2.2&#8243; background_color=&#8221;#ffc72c&#8221; custom_padding=&#8221;0px||0px|&#8221; custom_padding_tablet=&#8221;0px||0px|&#8221; custom_css_main_element=&#8221;position: fixed;||left: 0;||right: 0;||bottom: 0;||z-index: 100;&#8221; transparent_background=&#8221;off&#8221; padding_mobile=&#8221;on&#8221; make_fullwidth=&#8221;off&#8221; use_custom_width=&#8221;off&#8221; width_unit=&#8221;on&#8221;][et_pb_row column_structure=&#8221;1_2,1_4,1_4&#8243; padding_mobile=&#8221;on&#8221; column_padding_mobile=&#8221;on&#8221; admin_label=&#8221;Fila&#8221; _builder_version=&#8221;4.2.2&#8243; background_size=&#8221;initial&#8221; background_position=&#8221;top_left&#8221; background_repeat=&#8221;repeat&#8221; max_width=&#8221;860px&#8221; make_fullwidth=&#8221;off&#8221; use_custom_width=&#8221;on&#8221; width_unit=&#8221;on&#8221; custom_width_px=&#8221;860px&#8221;][et_pb_column type=&#8221;1_2&#8243; _builder_version=&#8221;3.25&#8243; custom_padding=&#8221;|||&#8221; custom_css_main_element=&#8221;margin-bottom: 0;&#8221; custom_padding__hover=&#8221;|||&#8221;][et_pb_text admin_label=&#8221;Texto&#8221; _builder_version=&#8221;4.2.2&#8243; background_size=&#8221;initial&#8221; background_position=&#8221;top_left&#8221; background_repeat=&#8221;repeat&#8221; text_orientation=&#8221;center&#8221; module_alignment=&#8221;center&#8221; use_border_color=&#8221;off&#8221; border_color=&#8221;#ffffff&#8221; border_style=&#8221;solid&#8221;]<\/p>\n<h4>Periodo de preinscripci\u00f3n abierto<\/h4>\n<p>[\/et_pb_text][\/et_pb_column][et_pb_column type=&#8221;1_4&#8243; _builder_version=&#8221;3.25&#8243; custom_padding=&#8221;|||&#8221; custom_padding__hover=&#8221;|||&#8221;][et_pb_button button_url=&#8221;http:\/\/universite.umh.es\/fpogestion\/aspx\/Preinscripcion\/Preinscripcion.aspx&#8221; url_new_window=&#8221;on&#8221; button_text=&#8221;\u00a1Preinscr\u00edbete!&#8221; button_alignment=&#8221;center&#8221; admin_label=&#8221;Bot\u00f3n&#8221; _builder_version=&#8221;4.2.2&#8243; custom_button=&#8221;on&#8221; button_bg_color=&#8221;#a6192e&#8221; button_border_color=&#8221;#a6192e&#8221; background_layout=&#8221;dark&#8221; hover_enabled=&#8221;0&#8243; button_letter_spacing_hover=&#8221;0&#8243; button_text_size__hover_enabled=&#8221;off&#8221; button_one_text_size__hover_enabled=&#8221;off&#8221; button_two_text_size__hover_enabled=&#8221;off&#8221; button_text_color__hover_enabled=&#8221;off&#8221; button_one_text_color__hover_enabled=&#8221;off&#8221; button_two_text_color__hover_enabled=&#8221;off&#8221; button_border_width__hover_enabled=&#8221;off&#8221; button_one_border_width__hover_enabled=&#8221;off&#8221; button_two_border_width__hover_enabled=&#8221;off&#8221; button_border_color__hover_enabled=&#8221;off&#8221; button_one_border_color__hover_enabled=&#8221;off&#8221; button_two_border_color__hover_enabled=&#8221;off&#8221; button_border_radius__hover_enabled=&#8221;off&#8221; button_one_border_radius__hover_enabled=&#8221;off&#8221; button_two_border_radius__hover_enabled=&#8221;off&#8221; button_letter_spacing__hover_enabled=&#8221;on&#8221; button_letter_spacing__hover=&#8221;0&#8243; button_one_letter_spacing__hover_enabled=&#8221;off&#8221; button_two_letter_spacing__hover_enabled=&#8221;off&#8221; button_bg_color__hover_enabled=&#8221;off&#8221; button_one_bg_color__hover_enabled=&#8221;off&#8221; button_two_bg_color__hover_enabled=&#8221;off&#8221;][\/et_pb_button][\/et_pb_column][et_pb_column type=&#8221;1_4&#8243; _builder_version=&#8221;3.25&#8243; custom_padding=&#8221;|||&#8221; custom_padding__hover=&#8221;|||&#8221;][et_pb_button button_url=&#8221;https:\/\/convivenciaescolar.umh.es\/files\/2022\/02\/Programa-Imprimible-Especialista-Convivencia-Escolar-22-23.pdf&#8221; url_new_window=&#8221;on&#8221; button_text=&#8221;Programa&#8221; button_alignment=&#8221;left&#8221; admin_label=&#8221;Bot\u00f3n&#8221; _builder_version=&#8221;4.2.2&#8243; custom_button=&#8221;on&#8221; button_text_color=&#8221;#ffffff&#8221; button_bg_color=&#8221;#81d742&#8243; button_border_color=&#8221;rgba(255,255,255,0)&#8221; button_icon=&#8221;%%232%%&#8221; background_layout=&#8221;dark&#8221; hover_enabled=&#8221;0&#8243; button_letter_spacing_hover=&#8221;0&#8243; button_text_size__hover_enabled=&#8221;off&#8221; button_one_text_size__hover_enabled=&#8221;off&#8221; button_two_text_size__hover_enabled=&#8221;off&#8221; button_text_color__hover_enabled=&#8221;off&#8221; button_one_text_color__hover_enabled=&#8221;off&#8221; button_two_text_color__hover_enabled=&#8221;off&#8221; button_border_width__hover_enabled=&#8221;off&#8221; button_one_border_width__hover_enabled=&#8221;off&#8221; button_two_border_width__hover_enabled=&#8221;off&#8221; button_border_color__hover_enabled=&#8221;off&#8221; button_one_border_color__hover_enabled=&#8221;off&#8221; button_two_border_color__hover_enabled=&#8221;off&#8221; button_border_radius__hover_enabled=&#8221;off&#8221; button_one_border_radius__hover_enabled=&#8221;off&#8221; button_two_border_radius__hover_enabled=&#8221;off&#8221; button_letter_spacing__hover_enabled=&#8221;on&#8221; button_letter_spacing__hover=&#8221;0&#8243; button_one_letter_spacing__hover_enabled=&#8221;off&#8221; button_two_letter_spacing__hover_enabled=&#8221;off&#8221; button_bg_color__hover_enabled=&#8221;off&#8221; button_one_bg_color__hover_enabled=&#8221;off&#8221; button_two_bg_color__hover_enabled=&#8221;off&#8221;][\/et_pb_button][\/et_pb_column][\/et_pb_row][\/et_pb_section][et_pb_section fb_built=&#8221;1&#8243; _builder_version=&#8221;4.2.2&#8243;][et_pb_row _builder_version=&#8221;4.2.2&#8243;][et_pb_column type=&#8221;4_4&#8243; _builder_version=&#8221;4.2.2&#8243;][et_pb_image _builder_version=&#8221;4.2.2&#8243;][\/et_pb_image][\/et_pb_column][\/et_pb_row][\/et_pb_section]<\/p>\n","protected":false},"excerpt":{"rendered":"<p>Este t\u00edtulo de Especialista Universitario en Convivencia Escolar e Intervenci\u00f3n Psicoeducativa te proporcionar\u00e1 conocimientos te\u00f3ricos y competencias pr\u00e1cticas para tu desempe\u00f1o profesional en el \u00e1mbito de la convivencia en el contexto educativo con ni\u00f1os y adolescentes. Aprender\u00e1s con los mejores acad\u00e9micos y profesionales, que te ayudar\u00e1n a especializarte en aspectos concretos que te dotar\u00e1n de [&hellip;]<\/p>\n","protected":false},"author":795,"featured_media":0,"parent":0,"menu_order":0,"comment_status":"closed","ping_status":"open","template":"","meta":{"_et_pb_use_builder":"on","_et_pb_old_content":"","_et_gb_content_width":"","_links_to":"","_links_to_target":""},"_links":{"self":[{"href":"https:\/\/convivenciaescolar.umh.es\/en\/wp-json\/wp\/v2\/pages\/294"}],"collection":[{"href":"https:\/\/convivenciaescolar.umh.es\/en\/wp-json\/wp\/v2\/pages"}],"about":[{"href":"https:\/\/convivenciaescolar.umh.es\/en\/wp-json\/wp\/v2\/types\/page"}],"author":[{"embeddable":true,"href":"https:\/\/convivenciaescolar.umh.es\/en\/wp-json\/wp\/v2\/users\/795"}],"replies":[{"embeddable":true,"href":"https:\/\/convivenciaescolar.umh.es\/en\/wp-json\/wp\/v2\/comments?post=294"}],"version-history":[{"count":0,"href":"https:\/\/convivenciaescolar.umh.es\/en\/wp-json\/wp\/v2\/pages\/294\/revisions"}],"wp:attachment":[{"href":"https:\/\/convivenciaescolar.umh.es\/en\/wp-json\/wp\/v2\/media?parent=294"}],"curies":[{"name":"wp","href":"https:\/\/api.w.org\/{rel}","templated":true}]}}